{"id":12,"date":"2019-05-21T14:53:32","date_gmt":"2019-05-21T14:53:32","guid":{"rendered":"http:\/\/wehavejustsolutions.com\/?page_id=12"},"modified":"2025-09-25T12:47:11","modified_gmt":"2025-09-25T10:47:11","slug":"impressum","status":"publish","type":"page","link":"https:\/\/wehavejustsolutions.com\/?page_id=12","title":{"rendered":"Herzlich willkommen!"},"content":{"rendered":"\n<figure class=\"wp-block-image size-large\"><img loading=\"lazy\" width=\"1024\" height=\"614\" src=\"https:\/\/wehavejustsolutions.com\/wp-content\/uploads\/2021\/05\/AdobeStock_86534804-1-1024x614.jpeg\" alt=\"\" class=\"wp-image-321\" srcset=\"https:\/\/wehavejustsolutions.com\/wp-content\/uploads\/2021\/05\/AdobeStock_86534804-1-1024x614.jpeg 1024w, https:\/\/wehavejustsolutions.com\/wp-content\/uploads\/2021\/05\/AdobeStock_86534804-1-300x180.jpeg 300w, https:\/\/wehavejustsolutions.com\/wp-content\/uploads\/2021\/05\/AdobeStock_86534804-1-768x461.jpeg 768w, https:\/\/wehavejustsolutions.com\/wp-content\/uploads\/2021\/05\/AdobeStock_86534804-1-1536x922.jpeg 1536w, https:\/\/wehavejustsolutions.com\/wp-content\/uploads\/2021\/05\/AdobeStock_86534804-1-2048x1229.jpeg 2048w, https:\/\/wehavejustsolutions.com\/wp-content\/uploads\/2021\/05\/AdobeStock_86534804-1-830x498.jpeg 830w, https:\/\/wehavejustsolutions.com\/wp-content\/uploads\/2021\/05\/AdobeStock_86534804-1-230x138.jpeg 230w, https:\/\/wehavejustsolutions.com\/wp-content\/uploads\/2021\/05\/AdobeStock_86534804-1-350x210.jpeg 350w, https:\/\/wehavejustsolutions.com\/wp-content\/uploads\/2021\/05\/AdobeStock_86534804-1-480x288.jpeg 480w\" sizes=\"(max-width: 1024px) 100vw, 1024px\" \/><\/figure>\n\n\n\n<p><\/p>\n\n\n\n<h3 class=\"has-text-align-center\">JustSolutions-Manifest <\/h3>\n\n\n\n<p class=\"has-text-align-center\"><strong>Pr\u00e4ambel&nbsp;<\/strong><\/p>\n\n\n\n<p class=\"has-text-align-center\"><strong>Recht existiert einzig der Gerechtigkeit wegen.&nbsp;<\/strong><\/p>\n\n\n\n<p>Recht ist ein vollst\u00e4ndig vom Menschen erdachtes Gedankenkonstrukt und existiert, um Gerechtigkeit herzustellen und damit Frieden zwischen den Menschen zu gew\u00e4hrleisten. Verfehlt Recht diesen Zweck, verliert es die eigene Sinngebung und Existenzgrundlage. Recht zum Selbstzweck ist nihilistisch. Wir lehnen eine nihilistische Weltsicht ab und glauben an Expansion und Wachstum von Frieden und Vereinigung zwischen den Menschen.&nbsp;<\/p>\n\n\n\n<p><em>Recht dient einzig einer humanistischen und ethischen Form von Gerechtigkeit.&nbsp;<\/em><\/p>\n\n\n\n<p><\/p>\n\n\n\n<p class=\"has-text-align-center\"><strong>\u00a7 1&nbsp;<\/strong><\/p>\n\n\n\n<p class=\"has-text-align-center\"><strong>JustSolutions existiert einzig des Rechts wegen.&nbsp;<\/strong><\/p>\n\n\n\n<p>Die JustSolutions GmbH ist ein Rechtsdienstleister nach dem Rechtsdienstleistungsgesetz. Ihre Aufgabe ist die Durchsetzung geltenden Rechts. Und damit koh\u00e4rent die Durchsetzung von Gerechtigkeit und Frieden.&nbsp;<\/p>\n\n\n\n<p>Gesetzgebung, Rechtsprechung oder Politik geh\u00f6ren nicht zu unserem Aufgabenbereich. Unsere Aufgabe ist die Durchsetzung geltenden Rechts. Dabei aber vertreten wir Individualinteressen durch Hervorhebung von Werten. So umfassend und verst\u00e4ndig wie m\u00f6glich. Das bedeutet so gerecht und sinnorientiert wie m\u00f6glich. Wir betrachten die Rechtswissenschaften dabei als&nbsp;<em>Werkzeug<\/em>&nbsp;zur Herstellung von Frieden.&nbsp;&nbsp;<\/p>\n\n\n\n<p>Durchsetzung von Gerechtigkeit verfolgt als Zweck ein Gemeinwohl. Die Ausgestaltung unserer Unternehmungen sowie der zu errichtenden Strukturen soll, so weit wie m\u00f6glich und wirtschaftlich vertretbar, der Gemeinschaft n\u00fctzlich sein und h\u00f6heren Werten f\u00fcr eine friedvolle Gesellschaft folgen.&nbsp;<\/p>\n\n\n\n<p>Sinn der Gr\u00fcndung eines Unternehmens sollte stets die Verbesserung der hinter der Unternehmung stehenden Zweckzielsetzung sein. Als Rechtsdurchsetzungsunternehmen wollen wir daher die Rechtsdurchsetzung verbessern. Optimierung erkannter Verfahren und Strukturen hat dabei oberste Priorit\u00e4t. (Dach)&nbsp;<\/p>\n\n\n\n<p><em>Sinn und Zweck von JustSolutions ist die immer neue Findung, Erhaltung und Verbesserung rechtschaffender L\u00f6sungen, Ideen und Durchsetzungsmechanismen.&nbsp;<\/em><\/p>\n\n\n\n<p><\/p>\n\n\n\n<p class=\"has-text-align-center\"><strong>\u00a7 2<\/strong><\/p>\n\n\n\n<p class=\"has-text-align-center\"><strong>Wir setzen Recht effektiver durch auf Grundlage h\u00f6chstm\u00f6glicher Spezialisierung.&nbsp;<\/strong><\/p>\n\n\n\n<p>H\u00f6chstm\u00f6gliche Spezialisierung bildet einen Grundpfeiler von JustSolutions (S\u00e4ule 1 von 3). Hierzu umrahmen wir kleinstm\u00f6gliche Rechtsthemen\/rechtliche Interessenkreise\/Anspr\u00fcche f\u00fcr unsere Unternehmungen.&nbsp;<\/p>\n\n\n\n<p>Dadurch ist es uns m\u00f6glich, in kurzer Zeit die gesamte Jura des entsprechenden Themenkomplexes vollumf\u00e4nglich zu erfassen. So entwickeln wir schnell eine umfassende Expertise auf den von uns erfassten Gebieten. Wir kennen alle Interessen und Wertungsgrundlagen das spezifische Thema betreffend und verstehen die dahinter liegenden Emotionen und Argumentationen. In geringer Dauer erfassen und optimieren wir so eine erheblich h\u00f6here Zahl themenbezogener Sachverhalte im Vergleich zu Unternehmungen und sonstigen Rechtsvertretern, die weitere Themenfelder umschlie\u00dfen wollen.&nbsp;<\/p>\n\n\n\n<p>Die so erlangten Kenntnisse werden mithilfe moderner Technologien und Rechenprogramme in gro\u00dfl\u00e4ufige Datenbanken eingegliedert. Dies verringert die \u00fcbliche Fehleranf\u00e4lligkeit menschlicher Arbeitsabl\u00e4ufe und steigert die Effizienz bei der Bearbeitung gleichgelagerter Konstellationen enorm.&nbsp;<\/p>\n\n\n\n<p>Durch f\u00e4cher\u00fcbergreifende Kooperativen innerhalb des jeweiligen Themenkomplexes k\u00f6nnen wir weiterhin den Kreis der Expertise auch im nichtjuristischen Bereich ausweiten, um mit entsprechenden Partnerschaften unsere Durchsetzungsst\u00e4rke zu verbessern.&nbsp;<\/p>\n\n\n\n<p><em>Durch h\u00f6chstm\u00f6gliche Spezialisierung wollen wir uns die M\u00f6glichkeit er\u00f6ffnen, die inhaltlich und praktisch Besten auf unseren Gebieten zu werden.&nbsp;<\/em><\/p>\n\n\n\n<p><\/p>\n\n\n\n<p class=\"has-text-align-center\"><strong>\u00a7 3<\/strong><\/p>\n\n\n\n<p class=\"has-text-align-center\"><strong>Wir setzen Recht sicherer durch mittels Vier-Augen-Prinzip (Teamwork).&nbsp;<\/strong><\/p>\n\n\n\n<p>Um eine fehlerhafte Rechtsdurchsetzung aufgrund von arbeitsallt\u00e4glichen Routinen m\u00f6glichst umfangreich zu vermeiden, unterlegen wir uns selbst einer internen Pr\u00fcfung mittels Vier-Augen-Prinzip (S\u00e4ule 2 von 3). Das bedeutet, kein Schreiben, das juristische Wirksamkeit entfalten kann, verl\u00e4sst unsere Sph\u00e4re, ohne dass mindestens eine weitere Person als die erstellende den Inhalt \u00fcberpr\u00fcft hat. So unterliegt jede unserer Argumentationen gegenseitiger Kontrolle. Durch menschliche Bearbeitung werden m\u00f6gliche Fehler weitreichend reduziert, um die st\u00e4rkste nur m\u00f6gliche Position nach au\u00dfen im jeweiligen Spezialgebiet bieten zu k\u00f6nnen. So versuchen wir, einer der Natur der Gerechtigkeitsdurchsetzung immanenten Gefahr professioneller Arroganz gegenzusteuern. Wir nehmen demokratisches Teamwork sehr ernst.&nbsp;<\/p>\n\n\n\n<p>Dar\u00fcber hinaus sollen auch nichtjuristische Vorg\u00e4nge, Anwendungen und Prozesse regelm\u00e4\u00dfig von unterschiedlichen Mitarbeitern von JustSolutions \u00fcberpr\u00fcft werden, unabh\u00e4ngig von individueller Position und scheinbarer konkreter Eignung. Wir m\u00f6chten so m\u00f6glichst viele Blickwinkel auf verschiedengelagerte\/diverse Konstellationen richten.&nbsp;<\/p>\n\n\n\n<p><em>Durch die Anwendung des Vier-Augen-Prinzips wollen wir die sicherste und fehler\u00e4rmste Form von Rechtsdurchsetzung kreieren und erhalten.&nbsp;<\/em><\/p>\n\n\n\n<p><\/p>\n\n\n\n<p class=\"has-text-align-center\"><strong>\u00a7 4<\/strong><\/p>\n\n\n\n<p class=\"has-text-align-center\"><strong>Wir machen Recht leichter zug\u00e4nglich.&nbsp;<\/strong><\/p>\n\n\n\n<p>Wir halten die Schwelle f\u00fcr Rechtssuchende, ihre Rechte zu erfahren, so niedrig wie irgend m\u00f6glich. Die Zug\u00e4nglichkeit des Rechtsziels soll stets so einfach wie m\u00f6glich sein (S\u00e4ule 3 von 3).&nbsp;<\/p>\n\n\n\n<p>Unsere Rechtsdienstleistungen sollen daher zun\u00e4chst f\u00fcr jeden inhaltlich verst\u00e4ndlich, transparent und ortsunabh\u00e4ngig von \u00fcberall erreichbar sein. Durch die Nutzung der modernen Medien sowie entsprechender Kooperativen bieten wir unsere Rechtsdienstleistungen weitl\u00e4ufig, nach M\u00f6glichkeiten national sowie international, an (\u201ezug\u00e4nglich von \u00fcberall\u201c).&nbsp;&nbsp;<\/p>\n\n\n\n<p>Gerechtigkeit darf als Idee wie als reale Erfahrung um der eigenen logischen Legitimation Willen niemandem verwehrt sein. Jeder soll seine Rechte verstehen und erfahren d\u00fcrfen (\u201ezug\u00e4nglich f\u00fcr alle\u201c). Die gilt unabh\u00e4ngig von einer etwaigen individuellen Streit- oder Streitfinanzierungsbereitschaft. Wir halten daher das Risiko f\u00fcr den Rechtssuchenden so gering wie m\u00f6glich.&nbsp;<\/p>\n\n\n\n<p>Zum einen das Kostenrisiko, indem wir versuchen, die erfolgreiche Rechtsdurchsetzung im gesetzlich m\u00f6glichen Rahmen auf die spezialisierte Unternehmung zu \u00fcbertragen. Einfache, faire und transparente Kostenstrukturen reduzieren die Hemmschwelle des Betroffenen, seine Rechte wahrzunehmen, unabh\u00e4ngig insbesondere von der pers\u00f6nlichen Risikofreude hinsichtlich der eigenen finanziellen Mittel. Das subjektive Risikoempfinden, das unterbewusst vermutlich den schwersten inneren Widerstand auf dem Weg zur Gerechtigkeitserfahrung darstellt, wird ersetzt durch das Vertrauen in ein hochspezialisiertes, kapitalabh\u00e4ngiges Unternehmen, welches f\u00fcr das eigene Wachstum ein Interesse an ertragsreicher Anspruchsdurchsetzung hat.&nbsp;<\/p>\n\n\n\n<p>Zum anderen soll Recht Jedermann unabh\u00e4ngig von der eigenen Streitbereitschaft zug\u00e4nglich gemacht werden. Gerechtigkeit soll jeden und so viele wie im gegebenen Moment m\u00f6glich erreichen. Nicht nur die, die erh\u00f6hte Befriedigung oder Lust am Obsiegen beziehungsweise an best\u00e4tigter Dominanzwahrnehmung empfinden. Deshalb stellt sich der Konstrukt eines Rechtsthemen verfolgenden Unternehmens vor den Rechtssuchenden und entl\u00f6st das Individuum dem emotionalen Konflikt.&nbsp;<\/p>\n\n\n\n<p>JustSolutions fokussiert sich ferner besonders auf die Durchsetzung solcher Rechtsanspr\u00fcche, die mit \u00fcberdurchschnittlich intensiven menschlichen Gef\u00fchlen behaftet sind. Gerade diejenigen monet\u00e4r ausgepr\u00e4gten Rechtsanspr\u00fcche, die im besonderen Ma\u00dfe mit tiefgreifenden psychologischen Vorg\u00e4ngen und Wirkungen behaftet sind, k\u00f6nnen die erfahrene Gerechtigkeit bei unzureichenden Durchsetzungsmechanismen schm\u00e4lern: Unter der h\u00e4ufig unzureichend reflektierten, gesellschaftlichen Wahrnehmung von au\u00dfen, es sei lediglich zu einer geringeren Kapitalbereicherung gekommen, nimmt das betroffene Individuum die tats\u00e4chliche Vielschichtigkeit der emotionalen Behaftung des jeweiligen Rechtsanspruchs ohne hinreichendes Verst\u00e4ndnis von au\u00dfen wahr. Es entsteht subjektiv das Gef\u00fchl des Alleinseins und objektiv ein Mangel an Empathie, welche den Grundbaustein einer friedvollen Gesellschaft darstellt. Dies zu erkennen und w\u00e4hrend des Durchsetzungsprozesses fortlaufend anzuerkennen halten wir f\u00fcr zwingend notwendig bei den von uns vertretenen Rechtsanspr\u00fcchen.&nbsp;<\/p>\n\n\n\n<p><em>Durch die leichte Zug\u00e4nglichkeit wollen wir eine stabile Br\u00fccke zwischen den Rechtssuchenden, dem Rechtsdienstleister und dem Rechtsziel betreiben.&nbsp;<\/em><\/p>\n\n\n\n<p><\/p>\n\n\n\n<p class=\"has-text-align-center\"><strong>\u00a7 5<\/strong><\/p>\n\n\n\n<p class=\"has-text-align-center\"><strong>Wir sind uns der Anstrengung guter Rechtsdurchsetzung bewusst.&nbsp;<\/strong><\/p>\n\n\n\n<p>Unsere Dienstleistungen befassen sich mit Situationen, welche die rechtssuchenden Menschen emotional stark belasten. Von der Natur der T\u00e4tigkeit her handelt es sich daher nicht um eine solche, die von spielerischer Leichtigkeit gepr\u00e4gt ist, sondern im Gegenteil von erwachsener Verantwortungs\u00fcbernahme. Wir schaffen uns daher auch gegenseitig einen Raum des Verst\u00e4ndnisses und des R\u00fcckhalts (Mobiliar).&nbsp;<\/p>\n\n\n\n<p>Zum einen sehen wir dabei den Menschen in jedem Teammitglied. Wir&nbsp;&nbsp;schlie\u00dfen nie die Augen vor den emotional auch f\u00fcr uns belastenden Teilen unserer Dienste. Wir spielen nichts herunter. Vielmehr setzen wir auf gegenseitige Achtsamkeit: Jeder anstrengende Prozess oder Kontakt st\u00e4rkt, lehrt und f\u00fchrt bei gemeinsamem Austausch zu wechselseitigem Wachstum von JustSolutions.&nbsp;<\/p>\n\n\n\n<p>Zum anderen sehen wir in jedem in unserem Team mehr als nur einen Juristen. Wir glauben deshalb an Teilzeit- und Halbtagsmodelle und wollen diese als weit \u00fcberwiegendes Modell bei JustSolutions. Wir erkennen die Bed\u00fcrfnisse unserer Zeit, in der nicht mehr Schaffen einer Lebensgrundlage das Wesentliche, sondern das Wesentliche Lebensgrundlage ist, und in der individuelle Verwirklichung mehr bedeutet als berufliches Fortkommen. Es soll f\u00fcr jeden gen\u00fcgend Raum bleiben, weiteren Interessen seiner Lebensf\u00fchrung genug Wirkungsbereich zu verschaffen. Wir sind \u00fcberzeugt von den Vorteilen entspannter (=ungestresster) Teammitglieder. Regelm\u00e4\u00dfige \u00dcberstunden oder gar Wochenendarbeit halten wir f\u00fcr eine fehlkalkulierte Aufgabenverteilung. Auch darf jeder seine jeweiligen T\u00e4tigkeiten an jedem beliebigen Ort der Welt aus\u00fcben, sofern die M\u00f6glichkeiten dazu bestehen.&nbsp;<\/p>\n\n\n\n<p>Auch innerhalb unserer Aufgabenverteilungen erkennen wir die Vielseitigkeit unserer Teammitglieder. Deshalb wird keiner auf eine blo\u00dfe T\u00e4tigkeit oder Hierarchieebene reduziert. Ebenso glauben wir daran, dass von jeder T\u00e4tigkeitsposition wichtige Impulse f\u00fcr Positionen auf anderen Ebenen und Bereichen gesetzt werden k\u00f6nnen (siehe S\u00e4ule 2 von 3), weshalb wir fortlaufend abwechslungsreiche und weitreichende Aufgabenbereiche schaffen. Diese sollen nicht nur dem jeweiligen Bildungsweg entsprechen, welche das jeweilige Teammitglied zu uns gegangen ist, sondern viele Abspaltungen in diverse weitere Richtungen und Ausformungen nehmen. Zu wechselseitigen Gunsten sollen so alle Teammitglieder und JustSolutions von den vielseitigen F\u00e4higkeiten, sei es der Bildungsfaktor oder die eigene Kreativit\u00e4t, und den Interessen eines jeden von uns profitieren.&nbsp;<\/p>\n\n\n\n<p><em>Wir wollen ein sch\u00f6nes, gutes und gut durchdachtes Arbeitsumfeld.&nbsp;<\/em><\/p>\n\n\n\n<p><\/p>\n\n\n\n<p class=\"has-text-align-center\"><strong>\u00a7 6<\/strong><\/p>\n\n\n\n<p class=\"has-text-align-center\"><strong>Wir schauen hinter das Recht.&nbsp;<\/strong><\/p>\n\n\n\n<p>Wir blicken weit \u00fcber das Recht hinaus und sehen: Gerechtigkeit ist nur die Spitze des Eisbergs. Wir verstehen die Emotionen hinter den angewendeten Rechten und dass Rechtsdurchsetzung mehr als Formsache ist. Wir erkennen den unteren Teil des Eisbergs (Fundament).&nbsp;<\/p>\n\n\n\n<p>Jeder Mensch will in Auge und Ohr der Gerechtigkeit gesehen und geh\u00f6rt werden. Wir erinnern uns best\u00e4ndig an Verst\u00e4ndnis f\u00fcr alle Rechtssuchenden und deren Positionen im sozialen wie emotionalen Kontext. Dies gilt ebenso f\u00fcr diejenigen, die der konkreten Rechtsdurchsetzung gegen\u00fcberstehen. Denn wir bleiben uns gewahr, dass nur ein Umgang mit Respekt und einem Blick hin zur Mediation bei uneindeutigen Rechtsposition zu beidseitig als fair empfundenen Einigungen f\u00fchren kann (Zielsetzung hin zur win-win-Situation). Recht und Gesetz wird nicht als losgel\u00f6stes Wortger\u00fcst gedacht, sondern im unmittelbaren und untrennbaren Zusammenhang mit den dahinterstehenden Emotionen und W\u00fcnschen betrachtet.&nbsp;&nbsp;<\/p>\n\n\n\n<p>JustSolutions stellt die Dienstleistung immer in den Vordergrund. Als Rechtsdienstleistungsunternehmen dienen wir Menschen mit Recht und nicht umgekehrt. Der Mensch hinter den zur Gerechtigkeit f\u00fchrenden Gesetzen hat f\u00fcr uns Priorit\u00e4t. Dazu denken wir zuweilen Rechtsdurchsetzung neu.&nbsp;<\/p>\n\n\n\n<p><em>Wir wollen Recht dem Menschen ganzheitlich gerecht werden lassen.&nbsp;<\/em><\/p>\n\n\n\n<p><\/p>\n\n\n\n<hr class=\"wp-block-separator\"\/>\n\n\n\n<h3><strong>Impressum&nbsp;<\/strong><\/h3>\n\n\n\n<p><strong>JustSolutions GmbH<\/strong> <br>Maastrichter Stra\u00dfe 45 <br>50672 K\u00f6ln <\/p>\n\n\n\n<p>E-Mail:&nbsp;<a href=\"mailto:contact@wehavejustsolutions.com\">contact@wehavejustsolutions.com<\/a><\/p>\n\n\n\n<p>Vertreten durch Gesch\u00e4ftsf\u00fchrer: Lukas Lewandowski (Anschrift wie oben)<\/p>\n\n\n\n<p>Eintrag im Handelsregister: Amtsgericht K\u00f6ln,&nbsp;HRB 96071&nbsp;<\/p>\n\n\n\n<p><strong>Rechtsdienstleistungsregister<\/strong>:<\/p>\n\n\n\n<p>Die JustSolutions GmbH ist ein registrierter Inkassodienstleister nach \u00a7 10 Abs. 1 Nr. 1 Rechtsdienstleistungsgesetz (\u201e<strong>RDG<\/strong>\u201c), eingetragen im Rechtsdienstleistungsregister, Aktenzeichen 3712-1018(7).<\/p>\n\n\n\n<p><strong>Registrierungsbeh\u00f6rde gem. RDG\/Aufsichtsbeh\u00f6rde i.S.d. \u00a7 5 Abs. 1 Nr. 3 TMG<\/strong>:<\/p>\n\n\n\n<p>Bundesamt f\u00fcr Justiz, Adenauerallee 99 \u2013 103, 53113 Bonn <\/p>\n\n\n\n<p><strong>Berufshaftpflichtversicherung<\/strong>:&nbsp;<\/p>\n\n\n\n<p>Es besteht eine Berufshaftpflichtversicherung bei der R+V Allgemeine Versicherung AG, Voltastra\u00dfe 84, 60486 Frankfurt. Diese Berufshaftpflichtversicherung gilt grunds\u00e4tzlich f\u00fcr die T\u00e4tigkeit innerhalb der Europ\u00e4ischen Union.<\/p>\n\n\n\n<p><strong>Plattform der EU-Kommission zur Online-Streitbeilegung<\/strong>:&nbsp;<\/p>\n\n\n\n<p><a href=\"http:\/\/www.ec.europa.eu\/consumers\/odr\">www.ec.europa.eu\/consumers\/odr<\/a><\/p>\n\n\n\n<p><strong>Hinweis gem\u00e4\u00df \u00a736 VSBG<\/strong>:<\/p>\n\n\n\n<p>Die JustSolutions GmbH ist grunds\u00e4tzlich nicht bereit und verpflichtet, an Streitbeilegungsverfahren vor einer Verbraucherschlichtungsstelle teilzunehmen.<\/p>\n","protected":false},"excerpt":{"rendered":"<p>JustSolutions-Manifest Pr\u00e4ambel&nbsp; Recht existiert einzig der Gerechtigkeit wegen.&nbsp; Recht ist ein vollst\u00e4ndig vom Menschen erdachtes Gedankenkonstrukt und existiert, um Gerechtigkeit herzustellen und damit Frieden zwischen den Menschen zu gew\u00e4hrleisten. Verfehlt Recht diesen Zweck, verliert es die eigene Sinngebung und Existenzgrundlage. Recht zum Selbstzweck ist nihilistisch. Wir lehnen eine nihilistische Weltsicht ab und glauben an Expansion [&hellip;]<\/p>\n","protected":false},"author":1,"featured_media":0,"parent":0,"menu_order":0,"comment_status":"closed","ping_status":"closed","template":"","meta":[],"_links":{"self":[{"href":"https:\/\/wehavejustsolutions.com\/index.php?rest_route=\/wp\/v2\/pages\/12"}],"collection":[{"href":"https:\/\/wehavejustsolutions.com\/index.php?rest_route=\/wp\/v2\/pages"}],"about":[{"href":"https:\/\/wehavejustsolutions.com\/index.php?rest_route=\/wp\/v2\/types\/page"}],"author":[{"embeddable":true,"href":"https:\/\/wehavejustsolutions.com\/index.php?rest_route=\/wp\/v2\/users\/1"}],"replies":[{"embeddable":true,"href":"https:\/\/wehavejustsolutions.com\/index.php?rest_route=%2Fwp%2Fv2%2Fcomments&post=12"}],"version-history":[{"count":11,"href":"https:\/\/wehavejustsolutions.com\/index.php?rest_route=\/wp\/v2\/pages\/12\/revisions"}],"predecessor-version":[{"id":339,"href":"https:\/\/wehavejustsolutions.com\/index.php?rest_route=\/wp\/v2\/pages\/12\/revisions\/339"}],"wp:attachment":[{"href":"https:\/\/wehavejustsolutions.com\/index.php?rest_route=%2Fwp%2Fv2%2Fmedia&parent=12"}],"curies":[{"name":"wp","href":"https:\/\/api.w.org\/{rel}","templated":true}]}}